{"id":11561,"date":"2020-07-02T08:32:26","date_gmt":"2020-07-02T06:32:26","guid":{"rendered":"https:\/\/www.hellosummer.be\/home\/"},"modified":"2025-06-16T10:03:13","modified_gmt":"2025-06-16T08:03:13","slug":"home","status":"publish","type":"page","link":"https:\/\/www.hellosummer.be\/en\/","title":{"rendered":"Home &#8211; EN"},"content":{"rendered":"\t\t<div data-elementor-type=\"wp-post\" data-elementor-id=\"11561\" class=\"elementor elementor-11561 elementor-13\" data-elementor-post-type=\"page\">\n\t\t\t\t<div class=\"elementor-element elementor-element-d4f3b0a e-con-full e-flex e-con e-parent\" data-id=\"d4f3b0a\" data-element_type=\"container\">\n\t\t\t\t<div class=\"elementor-element elementor-element-76b8c21 elementor-hidden-mobile elementor-widget elementor-widget-image\" data-id=\"76b8c21\" data-element_type=\"widget\" data-widget_type=\"image.default\">\n\t\t\t\t<div class=\"elementor-widget-container\">\n\t\t\t\t\t\t\t\t\t\t\t\t\t\t\t\t<a href=\"https:\/\/www.plaisirsdete.be\/en\" target=\"_blank\">\n\t\t\t\t\t\t\t<img fetchpriority=\"high\" decoding=\"async\" width=\"1920\" height=\"1746\" src=\"https:\/\/www.hellosummer.be\/wp-content\/uploads\/2025\/06\/hello-summer-plaisirs-dete.jpg\" class=\"attachment-full size-full wp-image-11655\" alt=\"\" srcset=\"https:\/\/www.hellosummer.be\/wp-content\/uploads\/2025\/06\/hello-summer-plaisirs-dete.jpg 1920w, https:\/\/www.hellosummer.be\/wp-content\/uploads\/2025\/06\/hello-summer-plaisirs-dete-300x273.jpg 300w, https:\/\/www.hellosummer.be\/wp-content\/uploads\/2025\/06\/hello-summer-plaisirs-dete-1030x937.jpg 1030w, https:\/\/www.hellosummer.be\/wp-content\/uploads\/2025\/06\/hello-summer-plaisirs-dete-768x698.jpg 768w, https:\/\/www.hellosummer.be\/wp-content\/uploads\/2025\/06\/hello-summer-plaisirs-dete-1536x1397.jpg 1536w, https:\/\/www.hellosummer.be\/wp-content\/uploads\/2025\/06\/hello-summer-plaisirs-dete-1200x1091.jpg 1200w\" sizes=\"(max-width: 709px) 85vw, (max-width: 909px) 67vw, (max-width: 1362px) 62vw, 840px\" \/>\t\t\t\t\t\t\t\t<\/a>\n\t\t\t\t\t\t\t\t\t\t\t\t\t\t\t<\/div>\n\t\t\t\t<\/div>\n\t\t\t\t<div class=\"elementor-element elementor-element-aabd251 elementor-hidden-desktop elementor-hidden-tablet elementor-widget elementor-widget-image\" data-id=\"aabd251\" data-element_type=\"widget\" data-widget_type=\"image.default\">\n\t\t\t\t<div class=\"elementor-widget-container\">\n\t\t\t\t\t\t\t\t\t\t\t\t\t\t\t\t<a href=\"https:\/\/www.plaisirsdete.be\/en\" target=\"_blank\">\n\t\t\t\t\t\t\t<img decoding=\"async\" width=\"768\" height=\"1472\" src=\"https:\/\/www.hellosummer.be\/wp-content\/uploads\/2025\/06\/hello-summer-plaisirs-dete-mob.jpg\" class=\"attachment-full size-full wp-image-11685\" alt=\"\" srcset=\"https:\/\/www.hellosummer.be\/wp-content\/uploads\/2025\/06\/hello-summer-plaisirs-dete-mob.jpg 768w, https:\/\/www.hellosummer.be\/wp-content\/uploads\/2025\/06\/hello-summer-plaisirs-dete-mob-157x300.jpg 157w, https:\/\/www.hellosummer.be\/wp-content\/uploads\/2025\/06\/hello-summer-plaisirs-dete-mob-537x1030.jpg 537w\" sizes=\"(max-width: 768px) 85vw, 768px\" \/>\t\t\t\t\t\t\t\t<\/a>\n\t\t\t\t\t\t\t\t\t\t\t\t\t\t\t<\/div>\n\t\t\t\t<\/div>\n\t\t\t\t<\/div>\n\t\t\t\t<\/div>\n\t\t","protected":false},"excerpt":{"rendered":"","protected":false},"author":1,"featured_media":0,"parent":0,"menu_order":0,"comment_status":"closed","ping_status":"closed","template":"elementor_canvas","meta":{"footnotes":""},"class_list":["post-11561","page","type-page","status-publish","hentry"],"yoast_head":"<!-- This site is optimized with the Yoast SEO plugin v25.3 - https:\/\/yoast.com\/wordpress\/plugins\/seo\/ -->\n<title>Hello Summer<\/title>\n<meta name=\"description\" content=\"Avec Hello Summer 2021, la Ville de Bruxelles a d\u00e9cid\u00e9 de prendre la balle au bond et r\u00e9inventer ses activit\u00e9s estivales pour cette nouvelle \u00e9dition ...\" \/>\n<meta name=\"robots\" content=\"index, follow, max-snippet:-1, max-image-preview:large, max-video-preview:-1\" \/>\n<link rel=\"canonical\" href=\"https:\/\/www.hellosummer.be\/en\/\" \/>\n<meta property=\"og:locale\" content=\"en_US\" \/>\n<meta property=\"og:type\" content=\"article\" \/>\n<meta property=\"og:title\" content=\"Hello Summer\" \/>\n<meta property=\"og:description\" content=\"Avec Hello Summer 2021, la Ville de Bruxelles a d\u00e9cid\u00e9 de prendre la balle au bond et r\u00e9inventer ses activit\u00e9s estivales pour cette nouvelle \u00e9dition ...\" \/>\n<meta property=\"og:url\" content=\"https:\/\/www.hellosummer.be\/en\/\" \/>\n<meta property=\"og:site_name\" content=\"Hello Summer\" \/>\n<meta property=\"article:modified_time\" content=\"2025-06-16T08:03:13+00:00\" \/>\n<meta property=\"og:image\" content=\"https:\/\/www.hellosummer.be\/wp-content\/uploads\/2025\/06\/hello-summer-plaisirs-dete.jpg\" \/>\n\t<meta property=\"og:image:width\" content=\"1920\" \/>\n\t<meta property=\"og:image:height\" content=\"1746\" \/>\n\t<meta property=\"og:image:type\" content=\"image\/jpeg\" \/>\n<meta name=\"twitter:card\" content=\"summary_large_image\" \/>\n<meta name=\"twitter:label1\" content=\"Est. reading time\" \/>\n\t<meta name=\"twitter:data1\" content=\"1 minute\" \/>\n<script type=\"application\/ld+json\" class=\"yoast-schema-graph\">{\"@context\":\"https:\/\/schema.org\",\"@graph\":[{\"@type\":\"WebPage\",\"@id\":\"https:\/\/www.hellosummer.be\/en\/\",\"url\":\"https:\/\/www.hellosummer.be\/en\/\",\"name\":\"Hello Summer\",\"isPartOf\":{\"@id\":\"https:\/\/www.hellosummer.be\/#website\"},\"primaryImageOfPage\":{\"@id\":\"https:\/\/www.hellosummer.be\/en\/#primaryimage\"},\"image\":{\"@id\":\"https:\/\/www.hellosummer.be\/en\/#primaryimage\"},\"thumbnailUrl\":\"https:\/\/www.hellosummer.be\/wp-content\/uploads\/2025\/06\/hello-summer-plaisirs-dete.jpg\",\"datePublished\":\"2020-07-02T06:32:26+00:00\",\"dateModified\":\"2025-06-16T08:03:13+00:00\",\"description\":\"Avec Hello Summer 2021, la Ville de Bruxelles a d\u00e9cid\u00e9 de prendre la balle au bond et r\u00e9inventer ses activit\u00e9s estivales pour cette nouvelle \u00e9dition ...\",\"breadcrumb\":{\"@id\":\"https:\/\/www.hellosummer.be\/en\/#breadcrumb\"},\"inLanguage\":\"en-US\",\"potentialAction\":[{\"@type\":\"ReadAction\",\"target\":[\"https:\/\/www.hellosummer.be\/en\/\"]}]},{\"@type\":\"ImageObject\",\"inLanguage\":\"en-US\",\"@id\":\"https:\/\/www.hellosummer.be\/en\/#primaryimage\",\"url\":\"https:\/\/www.hellosummer.be\/wp-content\/uploads\/2025\/06\/hello-summer-plaisirs-dete.jpg\",\"contentUrl\":\"https:\/\/www.hellosummer.be\/wp-content\/uploads\/2025\/06\/hello-summer-plaisirs-dete.jpg\"},{\"@type\":\"BreadcrumbList\",\"@id\":\"https:\/\/www.hellosummer.be\/en\/#breadcrumb\",\"itemListElement\":[{\"@type\":\"ListItem\",\"position\":1,\"name\":\"Accueil\",\"item\":\"https:\/\/www.hellosummer.be\/en\/\"},{\"@type\":\"ListItem\",\"position\":2,\"name\":\"Home &#8211; EN\"}]},{\"@type\":\"WebSite\",\"@id\":\"https:\/\/www.hellosummer.be\/#website\",\"url\":\"https:\/\/www.hellosummer.be\/\",\"name\":\"Hello Summer\",\"description\":\"Bruxelles\",\"potentialAction\":[{\"@type\":\"SearchAction\",\"target\":{\"@type\":\"EntryPoint\",\"urlTemplate\":\"https:\/\/www.hellosummer.be\/?s={search_term_string}\"},\"query-input\":{\"@type\":\"PropertyValueSpecification\",\"valueRequired\":true,\"valueName\":\"search_term_string\"}}],\"inLanguage\":\"en-US\"}]}<\/script>\n<!-- \/ Yoast SEO plugin. -->","yoast_head_json":{"title":"Hello Summer","description":"Avec Hello Summer 2021, la Ville de Bruxelles a d\u00e9cid\u00e9 de prendre la balle au bond et r\u00e9inventer ses activit\u00e9s estivales pour cette nouvelle \u00e9dition ...","robots":{"index":"index","follow":"follow","max-snippet":"max-snippet:-1","max-image-preview":"max-image-preview:large","max-video-preview":"max-video-preview:-1"},"canonical":"https:\/\/www.hellosummer.be\/en\/","og_locale":"en_US","og_type":"article","og_title":"Hello Summer","og_description":"Avec Hello Summer 2021, la Ville de Bruxelles a d\u00e9cid\u00e9 de prendre la balle au bond et r\u00e9inventer ses activit\u00e9s estivales pour cette nouvelle \u00e9dition ...","og_url":"https:\/\/www.hellosummer.be\/en\/","og_site_name":"Hello Summer","article_modified_time":"2025-06-16T08:03:13+00:00","og_image":[{"width":1920,"height":1746,"url":"https:\/\/www.hellosummer.be\/wp-content\/uploads\/2025\/06\/hello-summer-plaisirs-dete.jpg","type":"image\/jpeg"}],"twitter_card":"summary_large_image","twitter_misc":{"Est. reading time":"1 minute"},"schema":{"@context":"https:\/\/schema.org","@graph":[{"@type":"WebPage","@id":"https:\/\/www.hellosummer.be\/en\/","url":"https:\/\/www.hellosummer.be\/en\/","name":"Hello Summer","isPartOf":{"@id":"https:\/\/www.hellosummer.be\/#website"},"primaryImageOfPage":{"@id":"https:\/\/www.hellosummer.be\/en\/#primaryimage"},"image":{"@id":"https:\/\/www.hellosummer.be\/en\/#primaryimage"},"thumbnailUrl":"https:\/\/www.hellosummer.be\/wp-content\/uploads\/2025\/06\/hello-summer-plaisirs-dete.jpg","datePublished":"2020-07-02T06:32:26+00:00","dateModified":"2025-06-16T08:03:13+00:00","description":"Avec Hello Summer 2021, la Ville de Bruxelles a d\u00e9cid\u00e9 de prendre la balle au bond et r\u00e9inventer ses activit\u00e9s estivales pour cette nouvelle \u00e9dition ...","breadcrumb":{"@id":"https:\/\/www.hellosummer.be\/en\/#breadcrumb"},"inLanguage":"en-US","potentialAction":[{"@type":"ReadAction","target":["https:\/\/www.hellosummer.be\/en\/"]}]},{"@type":"ImageObject","inLanguage":"en-US","@id":"https:\/\/www.hellosummer.be\/en\/#primaryimage","url":"https:\/\/www.hellosummer.be\/wp-content\/uploads\/2025\/06\/hello-summer-plaisirs-dete.jpg","contentUrl":"https:\/\/www.hellosummer.be\/wp-content\/uploads\/2025\/06\/hello-summer-plaisirs-dete.jpg"},{"@type":"BreadcrumbList","@id":"https:\/\/www.hellosummer.be\/en\/#breadcrumb","itemListElement":[{"@type":"ListItem","position":1,"name":"Accueil","item":"https:\/\/www.hellosummer.be\/en\/"},{"@type":"ListItem","position":2,"name":"Home &#8211; EN"}]},{"@type":"WebSite","@id":"https:\/\/www.hellosummer.be\/#website","url":"https:\/\/www.hellosummer.be\/","name":"Hello Summer","description":"Bruxelles","potentialAction":[{"@type":"SearchAction","target":{"@type":"EntryPoint","urlTemplate":"https:\/\/www.hellosummer.be\/?s={search_term_string}"},"query-input":{"@type":"PropertyValueSpecification","valueRequired":true,"valueName":"search_term_string"}}],"inLanguage":"en-US"}]}},"_links":{"self":[{"href":"https:\/\/www.hellosummer.be\/en\/wp-json\/wp\/v2\/pages\/11561","targetHints":{"allow":["GET"]}}],"collection":[{"href":"https:\/\/www.hellosummer.be\/en\/wp-json\/wp\/v2\/pages"}],"about":[{"href":"https:\/\/www.hellosummer.be\/en\/wp-json\/wp\/v2\/types\/page"}],"author":[{"embeddable":true,"href":"https:\/\/www.hellosummer.be\/en\/wp-json\/wp\/v2\/users\/1"}],"replies":[{"embeddable":true,"href":"https:\/\/www.hellosummer.be\/en\/wp-json\/wp\/v2\/comments?post=11561"}],"version-history":[{"count":16,"href":"https:\/\/www.hellosummer.be\/en\/wp-json\/wp\/v2\/pages\/11561\/revisions"}],"predecessor-version":[{"id":11694,"href":"https:\/\/www.hellosummer.be\/en\/wp-json\/wp\/v2\/pages\/11561\/revisions\/11694"}],"wp:attachment":[{"href":"https:\/\/www.hellosummer.be\/en\/wp-json\/wp\/v2\/media?parent=11561"}],"curies":[{"name":"wp","href":"https:\/\/api.w.org\/{rel}","templated":true}]}}