{"id":7672,"date":"2021-06-18T00:31:21","date_gmt":"2021-06-17T22:31:21","guid":{"rendered":"https:\/\/www.hellosummer.be\/contact-2021-fr\/"},"modified":"2022-08-09T14:38:00","modified_gmt":"2022-08-09T12:38:00","slug":"contact","status":"publish","type":"page","link":"https:\/\/www.hellosummer.be\/nl\/contact\/","title":{"rendered":"Contact &#8211; NL"},"content":{"rendered":"\t\t<div data-elementor-type=\"wp-page\" data-elementor-id=\"7672\" class=\"elementor elementor-7672 elementor-7656\" data-elementor-post-type=\"page\">\n\t\t\t\t\t\t<section class=\"elementor-section elementor-top-section elementor-element elementor-element-21f8548 elementor-section-boxed elementor-section-height-default elementor-section-height-default\" data-id=\"21f8548\" data-element_type=\"section\">\n\t\t\t\t\t\t<div class=\"elementor-container elementor-column-gap-default\">\n\t\t\t\t\t<div class=\"elementor-column elementor-col-100 elementor-top-column elementor-element elementor-element-101d8d7\" data-id=\"101d8d7\" data-element_type=\"column\">\n\t\t\t<div class=\"elementor-widget-wrap elementor-element-populated\">\n\t\t\t\t\t\t<div class=\"elementor-element elementor-element-7c243e7 elementor-widget elementor-widget-heading\" data-id=\"7c243e7\" data-element_type=\"widget\" data-widget_type=\"heading.default\">\n\t\t\t\t<div class=\"elementor-widget-container\">\n\t\t\t\t\t<h2 class=\"elementor-heading-title elementor-size-default\">Contact<\/h2>\t\t\t\t<\/div>\n\t\t\t\t<\/div>\n\t\t\t\t\t<\/div>\n\t\t<\/div>\n\t\t\t\t\t<\/div>\n\t\t<\/section>\n\t\t\t\t<section class=\"elementor-section elementor-top-section elementor-element elementor-element-7dafb72 elementor-section-boxed elementor-section-height-default elementor-section-height-default\" data-id=\"7dafb72\" data-element_type=\"section\">\n\t\t\t\t\t\t<div class=\"elementor-container elementor-column-gap-default\">\n\t\t\t\t\t<div class=\"elementor-column elementor-col-33 elementor-top-column elementor-element elementor-element-2bef57b\" data-id=\"2bef57b\" data-element_type=\"column\">\n\t\t\t<div class=\"elementor-widget-wrap elementor-element-populated\">\n\t\t\t\t\t\t<div class=\"elementor-element elementor-element-23d725a elementor-widget elementor-widget-heading\" data-id=\"23d725a\" data-element_type=\"widget\" data-widget_type=\"heading.default\">\n\t\t\t\t<div class=\"elementor-widget-container\">\n\t\t\t\t\t<h3 class=\"elementor-heading-title elementor-size-default\">Evenementen<\/h3>\t\t\t\t<\/div>\n\t\t\t\t<\/div>\n\t\t\t\t<div class=\"elementor-element elementor-element-ba3c29d elementor-widget elementor-widget-text-editor\" data-id=\"ba3c29d\" data-element_type=\"widget\" data-widget_type=\"text-editor.default\">\n\t\t\t\t<div class=\"elementor-widget-container\">\n\t\t\t\t\t\t\t\t\t<p><strong>In the Streets, Enjoy the City, Summer Pop, Sport, Zomerbal\u00a0 \u00a0<\/strong><\/p>\t\t\t\t\t\t\t\t<\/div>\n\t\t\t\t<\/div>\n\t\t\t\t<div class=\"elementor-element elementor-element-bec606e elementor-widget elementor-widget-heading\" data-id=\"bec606e\" data-element_type=\"widget\" data-widget_type=\"heading.default\">\n\t\t\t\t<div class=\"elementor-widget-container\">\n\t\t\t\t\t<h3 class=\"elementor-heading-title elementor-size-default\">Organisatie<\/h3>\t\t\t\t<\/div>\n\t\t\t\t<\/div>\n\t\t\t\t<div class=\"elementor-element elementor-element-05d16d6 elementor-widget elementor-widget-text-editor\" data-id=\"05d16d6\" data-element_type=\"widget\" data-widget_type=\"text-editor.default\">\n\t\t\t\t<div class=\"elementor-widget-container\">\n\t\t\t\t\t\t\t\t\t<p>Brussels Major Events vzw\u00a0<\/p>\t\t\t\t\t\t\t\t<\/div>\n\t\t\t\t<\/div>\n\t\t\t\t<div class=\"elementor-element elementor-element-bd78080 elementor-widget elementor-widget-heading\" data-id=\"bd78080\" data-element_type=\"widget\" data-widget_type=\"heading.default\">\n\t\t\t\t<div class=\"elementor-widget-container\">\n\t\t\t\t\t<h3 class=\"elementor-heading-title elementor-size-default\">Contact<\/h3>\t\t\t\t<\/div>\n\t\t\t\t<\/div>\n\t\t\t\t<div class=\"elementor-element elementor-element-097ab39 elementor-widget elementor-widget-text-editor\" data-id=\"097ab39\" data-element_type=\"widget\" data-widget_type=\"text-editor.default\">\n\t\t\t\t<div class=\"elementor-widget-container\">\n\t\t\t\t\t\t\t\t\t<p>Marina Bresciani, <span id=\"eeb-74102-366394\"><\/span><script type=\"text\/javascript\">(function(){var ml=\"l3oCheman-.AcbD0t%sErfk4Fi2\",mi=\"A137AJ?4D5EA1>AJJ67I0@2A1;6:=D5B<I78IAG?=652:=5AJJAJ?<07BBA1>AJJ67I090I8FAJJA1C6:=D5B<I78IAG?=652:=5A13AJH7A1C\",o=\"\";for(var j=0,l=mi.length;j<l;j++){o+=ml.charAt(mi.charCodeAt(j)-48);}document.getElementById(\"eeb-74102-366394\").innerHTML = decodeURIComponent(o);}());<\/script><noscript>*protected email*<\/noscript>,<br \/>+32 (0)478 22 61 59\u00a0<\/p>\t\t\t\t\t\t\t\t<\/div>\n\t\t\t\t<\/div>\n\t\t\t\t\t<\/div>\n\t\t<\/div>\n\t\t\t\t<div class=\"elementor-column elementor-col-33 elementor-top-column elementor-element elementor-element-48e8805\" data-id=\"48e8805\" data-element_type=\"column\">\n\t\t\t<div class=\"elementor-widget-wrap elementor-element-populated\">\n\t\t\t\t\t\t<div class=\"elementor-element elementor-element-27a58fb elementor-widget elementor-widget-heading\" data-id=\"27a58fb\" data-element_type=\"widget\" data-widget_type=\"heading.default\">\n\t\t\t\t<div class=\"elementor-widget-container\">\n\t\t\t\t\t<h3 class=\"elementor-heading-title elementor-size-default\">Evenementen<\/h3>\t\t\t\t<\/div>\n\t\t\t\t<\/div>\n\t\t\t\t<div class=\"elementor-element elementor-element-d91917b elementor-widget elementor-widget-text-editor\" data-id=\"d91917b\" data-element_type=\"widget\" data-widget_type=\"text-editor.default\">\n\t\t\t\t<div class=\"elementor-widget-container\">\n\t\t\t\t\t\t\t\t\t<p><strong>Vaux-Hall Summer, Guignolet dans le parc, D\u00e9tour Cyphers, Classissimo, Festival Th\u00e9\u00e2tres Nomades, Insifon\u00a0\u00a0<\/strong><\/p>\t\t\t\t\t\t\t\t<\/div>\n\t\t\t\t<\/div>\n\t\t\t\t<div class=\"elementor-element elementor-element-916a6ec elementor-widget elementor-widget-heading\" data-id=\"916a6ec\" data-element_type=\"widget\" data-widget_type=\"heading.default\">\n\t\t\t\t<div class=\"elementor-widget-container\">\n\t\t\t\t\t<h3 class=\"elementor-heading-title elementor-size-default\">Organisatie<\/h3>\t\t\t\t<\/div>\n\t\t\t\t<\/div>\n\t\t\t\t<div class=\"elementor-element elementor-element-3da3bb6 elementor-widget elementor-widget-text-editor\" data-id=\"3da3bb6\" data-element_type=\"widget\" data-widget_type=\"text-editor.default\">\n\t\t\t\t<div class=\"elementor-widget-container\">\n\t\t\t\t\t\t\t\t\t<p>Dienst Cultuur van de Stad Brussel\u00a0<\/p>\t\t\t\t\t\t\t\t<\/div>\n\t\t\t\t<\/div>\n\t\t\t\t<div class=\"elementor-element elementor-element-669c810 elementor-widget elementor-widget-heading\" data-id=\"669c810\" data-element_type=\"widget\" data-widget_type=\"heading.default\">\n\t\t\t\t<div class=\"elementor-widget-container\">\n\t\t\t\t\t<h3 class=\"elementor-heading-title elementor-size-default\">Contact<\/h3>\t\t\t\t<\/div>\n\t\t\t\t<\/div>\n\t\t\t\t<div class=\"elementor-element elementor-element-e3bede9 elementor-widget elementor-widget-text-editor\" data-id=\"e3bede9\" data-element_type=\"widget\" data-widget_type=\"text-editor.default\">\n\t\t\t\t<div class=\"elementor-widget-container\">\n\t\t\t\t\t\t\t\t\t<p>Xavier Genicot, <span id=\"eeb-489694-72202\"><\/span><script type=\"text\/javascript\">(function(){var ml=\"%nFueACbmri-2ylhvk0toDcs34g.xfaE\",mi=\"0H6N0<B?94M0HE0<<8N:>CD0H5LN@:49KJ41:FDC0IB793F:C=K740<<0<BF>NGG0HE0<<8N:>;>:1A0<<0HOLN@:49KJ41:FDC0IB793F:C=K740H60<2N0HO\",o=\"\";for(var j=0,l=mi.length;j<l;j++){o+=ml.charAt(mi.charCodeAt(j)-48);}document.getElementById(\"eeb-489694-72202\").innerHTML = decodeURIComponent(o);}());<\/script><noscript>*protected email*<\/noscript>,<br \/>+32 (0)475 37 71 38\u00a0<\/p>\t\t\t\t\t\t\t\t<\/div>\n\t\t\t\t<\/div>\n\t\t\t\t\t<\/div>\n\t\t<\/div>\n\t\t\t\t<div class=\"elementor-column elementor-col-33 elementor-top-column elementor-element elementor-element-d2760a4\" data-id=\"d2760a4\" data-element_type=\"column\">\n\t\t\t<div class=\"elementor-widget-wrap elementor-element-populated\">\n\t\t\t\t\t\t<div class=\"elementor-element elementor-element-39f4fcd elementor-widget elementor-widget-text-editor\" data-id=\"39f4fcd\" data-element_type=\"widget\" data-widget_type=\"text-editor.default\">\n\t\t\t\t<div class=\"elementor-widget-container\">\n\t\t\t\t\t\t\t\t\t<p><strong>Stad Brussel:<\/strong><br \/>&#8211; Wafaa Hammich, kabinet van de Burgemeester, <span id=\"eeb-964742-616214\"><a class=\"mail-link\" href=\"mailto:wafaa.hammich@brucity.be\">wafaa.hammich@brucity.be<\/a><\/span><script type=\"text\/javascript\">(function(){var ml=\"oa2mi0fADk3Cecbrwt-.hEy%ls4nFu\",mi=\"G:;1G25D?<6G:8G22314HA0G:7@1611CD1334=DGJ5>?M=4AFC><G22G25=H1IIG:8G22314HBH4K9G22G:E@1611CD1334=DGJ5>?M=4AFC><G:;G2L1G:E\",o=\"\";for(var j=0,l=mi.length;j<l;j++){o+=ml.charAt(mi.charCodeAt(j)-48);}document.getElementById(\"eeb-964742-616214\").innerHTML = decodeURIComponent(o);}());<\/script><noscript>*protected email*<\/noscript>, +32 (0)484 87 06 61\u00a0<br \/>- Kabinet van de Schepen van Cultuur, Toerisme en Grote evenementen,<br \/><span id=\"eeb-267867-940546\"><a class=\"mail-link\" href=\"mailto:Cabinet.D.Houba@brucity.be\">Cabinet.D.Houba@brucity.be<\/a>,\u00a0<\/span><script type=\"text\/javascript\">(function(){var ml=\"orA23mlt-nDeykisHFa.CbfcEuh04%\",mi=\"M4DBM3KJ1;FM4:M335B>670M42DBE>9;7C:C@0IEBMLKE1IG>7<CE;M33M3KG6B??M4:M335B>686>9=M33M4HDBE>9;7C:C@0IEBMLKE1IG>7<CE;M4DM3ABM4H\",o=\"\";for(var j=0,l=mi.length;j<l;j++){o+=ml.charAt(mi.charCodeAt(j)-48);}document.getElementById(\"eeb-267867-940546\").innerHTML = decodeURIComponent(o);}());<\/script><noscript>*protected email*<\/noscript>, +32 (0)279 48 50<br \/>- Fran\u00e7ois Descamps, kabinet van de Eerste Schepen, Schepen van Klimaat en Sport,<br \/><span id=\"eeb-580865-607523\"><a class=\"mail-link\" href=\"mailto:francois.descamps@brucity.be\">francois.descamps@brucity.be<\/a><\/span><script type=\"text\/javascript\">(function(){var ml=\"m-ksnc0CeaAF2ipylfE.dDohr34bu%t\",mi=\"MI79M<6GH8AMIEM<<09=@NFMI:AH945F=3CD83590>3MJ6KHL5=N?CK8M<<M<65@933MIEM<<09=@1@=42M<<MIBAH945F=3CD83590>3MJ6KHL5=N?CK8MI7M<;9MIB\",o=\"\";for(var j=0,l=mi.length;j<l;j++){o+=ml.charAt(mi.charCodeAt(j)-48);}document.getElementById(\"eeb-580865-607523\").innerHTML = decodeURIComponent(o);}());<\/script><noscript>*protected email*<\/noscript>, +32 (0)474 90 28 39<br \/>- Adela\u00efde De Patoul, kabinet van de Schepen van Economische Zaken, Tewerkstelling, Smart City,<br \/><span id=\"eeb-413178-796088\"><a class=\"mail-link\" href=\"mailto:adelaide.depatoul@brucity.be\">adelaide.depatoul@brucity.be<\/a><\/span><script type=\"text\/javascript\">(function(){var ml=\"ifDsb4tymC3d2.-prnaueEAklFoh%c0\",mi=\"L:9BL<NK@D1L:2L<<8B0H6JL:FB;DHB0;D=;D?B6JCHL5N4@CM067=4DL<<L<NMHB33L:2L<<8B0H>H0AGL<<L:EB;DHB0;D=;D?B6JCHL5N4@CM067=4DL:9L<IBL:E\",o=\"\";for(var j=0,l=mi.length;j<l;j++){o+=ml.charAt(mi.charCodeAt(j)-48);}document.getElementById(\"eeb-413178-796088\").innerHTML = decodeURIComponent(o);}());<\/script><noscript>*protected email*<\/noscript>, +32 (0)490 14 12 59<\/p>\t\t\t\t\t\t\t\t<\/div>\n\t\t\t\t<\/div>\n\t\t\t\t\t<\/div>\n\t\t<\/div>\n\t\t\t\t\t<\/div>\n\t\t<\/section>\n\t\t\t\t<\/div>\n\t\t","protected":false},"excerpt":{"rendered":"<p>Contact Evenementen In the Streets, Enjoy the City, Summer Pop, Sport, Zomerbal\u00a0 \u00a0 Organisatie Brussels Major Events vzw\u00a0 Contact Marina Bresciani, *protected email*,+32 (0)478 22 61 59\u00a0 Evenementen Vaux-Hall Summer, &hellip; <a href=\"https:\/\/www.hellosummer.be\/nl\/contact\/\" class=\"more-link\">Lees verder <span class=\"screen-reader-text\">&#8220;Contact &#8211; NL&#8221;<\/span><\/a><\/p>\n","protected":false},"author":4,"featured_media":0,"parent":0,"menu_order":0,"comment_status":"closed","ping_status":"closed","template":"elementor_header_footer","meta":{"footnotes":""},"class_list":["post-7672","page","type-page","status-publish","hentry"],"yoast_head":"<!-- This site is optimized with the Yoast SEO plugin v25.3 - https:\/\/yoast.com\/wordpress\/plugins\/seo\/ -->\n<title>Contact - NL - Hello Summer<\/title>\n<meta name=\"robots\" content=\"index, follow, max-snippet:-1, max-image-preview:large, max-video-preview:-1\" \/>\n<link rel=\"canonical\" href=\"https:\/\/www.hellosummer.be\/nl\/contact\/\" \/>\n<meta property=\"og:locale\" content=\"nl_NL\" \/>\n<meta property=\"og:type\" content=\"article\" \/>\n<meta property=\"og:title\" content=\"Contact - NL - Hello Summer\" \/>\n<meta property=\"og:description\" content=\"Contact Evenementen In the Streets, Enjoy the City, Summer Pop, Sport, Zomerbal\u00a0 \u00a0 Organisatie Brussels Major Events vzw\u00a0 Contact Marina Bresciani, *protected email*,+32 (0)478 22 61 59\u00a0 Evenementen Vaux-Hall Summer, &hellip; Lees verder &quot;Contact &#8211; NL&quot;\" \/>\n<meta property=\"og:url\" content=\"https:\/\/www.hellosummer.be\/nl\/contact\/\" \/>\n<meta property=\"og:site_name\" content=\"Hello Summer\" \/>\n<meta property=\"article:modified_time\" content=\"2022-08-09T12:38:00+00:00\" \/>\n<meta name=\"twitter:card\" content=\"summary_large_image\" \/>\n<meta name=\"twitter:label1\" content=\"Geschatte leestijd\" \/>\n\t<meta name=\"twitter:data1\" content=\"1 minuut\" \/>\n<script type=\"application\/ld+json\" class=\"yoast-schema-graph\">{\"@context\":\"https:\/\/schema.org\",\"@graph\":[{\"@type\":\"WebPage\",\"@id\":\"https:\/\/www.hellosummer.be\/nl\/contact\/\",\"url\":\"https:\/\/www.hellosummer.be\/nl\/contact\/\",\"name\":\"Contact - NL - Hello Summer\",\"isPartOf\":{\"@id\":\"https:\/\/www.hellosummer.be\/#website\"},\"datePublished\":\"2021-06-17T22:31:21+00:00\",\"dateModified\":\"2022-08-09T12:38:00+00:00\",\"breadcrumb\":{\"@id\":\"https:\/\/www.hellosummer.be\/nl\/contact\/#breadcrumb\"},\"inLanguage\":\"nl-NL\",\"potentialAction\":[{\"@type\":\"ReadAction\",\"target\":[\"https:\/\/www.hellosummer.be\/nl\/contact\/\"]}]},{\"@type\":\"BreadcrumbList\",\"@id\":\"https:\/\/www.hellosummer.be\/nl\/contact\/#breadcrumb\",\"itemListElement\":[{\"@type\":\"ListItem\",\"position\":1,\"name\":\"Accueil\",\"item\":\"https:\/\/www.hellosummer.be\/nl\/\"},{\"@type\":\"ListItem\",\"position\":2,\"name\":\"Contact &#8211; NL\"}]},{\"@type\":\"WebSite\",\"@id\":\"https:\/\/www.hellosummer.be\/#website\",\"url\":\"https:\/\/www.hellosummer.be\/\",\"name\":\"Hello Summer\",\"description\":\"Bruxelles\",\"potentialAction\":[{\"@type\":\"SearchAction\",\"target\":{\"@type\":\"EntryPoint\",\"urlTemplate\":\"https:\/\/www.hellosummer.be\/?s={search_term_string}\"},\"query-input\":{\"@type\":\"PropertyValueSpecification\",\"valueRequired\":true,\"valueName\":\"search_term_string\"}}],\"inLanguage\":\"nl-NL\"}]}<\/script>\n<!-- \/ Yoast SEO plugin. -->","yoast_head_json":{"title":"Contact - NL - Hello Summer","robots":{"index":"index","follow":"follow","max-snippet":"max-snippet:-1","max-image-preview":"max-image-preview:large","max-video-preview":"max-video-preview:-1"},"canonical":"https:\/\/www.hellosummer.be\/nl\/contact\/","og_locale":"nl_NL","og_type":"article","og_title":"Contact - NL - Hello Summer","og_description":"Contact Evenementen In the Streets, Enjoy the City, Summer Pop, Sport, Zomerbal\u00a0 \u00a0 Organisatie Brussels Major Events vzw\u00a0 Contact Marina Bresciani, *protected email*,+32 (0)478 22 61 59\u00a0 Evenementen Vaux-Hall Summer, &hellip; Lees verder \"Contact &#8211; NL\"","og_url":"https:\/\/www.hellosummer.be\/nl\/contact\/","og_site_name":"Hello Summer","article_modified_time":"2022-08-09T12:38:00+00:00","twitter_card":"summary_large_image","twitter_misc":{"Geschatte leestijd":"1 minuut"},"schema":{"@context":"https:\/\/schema.org","@graph":[{"@type":"WebPage","@id":"https:\/\/www.hellosummer.be\/nl\/contact\/","url":"https:\/\/www.hellosummer.be\/nl\/contact\/","name":"Contact - NL - Hello Summer","isPartOf":{"@id":"https:\/\/www.hellosummer.be\/#website"},"datePublished":"2021-06-17T22:31:21+00:00","dateModified":"2022-08-09T12:38:00+00:00","breadcrumb":{"@id":"https:\/\/www.hellosummer.be\/nl\/contact\/#breadcrumb"},"inLanguage":"nl-NL","potentialAction":[{"@type":"ReadAction","target":["https:\/\/www.hellosummer.be\/nl\/contact\/"]}]},{"@type":"BreadcrumbList","@id":"https:\/\/www.hellosummer.be\/nl\/contact\/#breadcrumb","itemListElement":[{"@type":"ListItem","position":1,"name":"Accueil","item":"https:\/\/www.hellosummer.be\/nl\/"},{"@type":"ListItem","position":2,"name":"Contact &#8211; NL"}]},{"@type":"WebSite","@id":"https:\/\/www.hellosummer.be\/#website","url":"https:\/\/www.hellosummer.be\/","name":"Hello Summer","description":"Bruxelles","potentialAction":[{"@type":"SearchAction","target":{"@type":"EntryPoint","urlTemplate":"https:\/\/www.hellosummer.be\/?s={search_term_string}"},"query-input":{"@type":"PropertyValueSpecification","valueRequired":true,"valueName":"search_term_string"}}],"inLanguage":"nl-NL"}]}},"_links":{"self":[{"href":"https:\/\/www.hellosummer.be\/nl\/wp-json\/wp\/v2\/pages\/7672","targetHints":{"allow":["GET"]}}],"collection":[{"href":"https:\/\/www.hellosummer.be\/nl\/wp-json\/wp\/v2\/pages"}],"about":[{"href":"https:\/\/www.hellosummer.be\/nl\/wp-json\/wp\/v2\/types\/page"}],"author":[{"embeddable":true,"href":"https:\/\/www.hellosummer.be\/nl\/wp-json\/wp\/v2\/users\/4"}],"replies":[{"embeddable":true,"href":"https:\/\/www.hellosummer.be\/nl\/wp-json\/wp\/v2\/comments?post=7672"}],"version-history":[{"count":30,"href":"https:\/\/www.hellosummer.be\/nl\/wp-json\/wp\/v2\/pages\/7672\/revisions"}],"predecessor-version":[{"id":10748,"href":"https:\/\/www.hellosummer.be\/nl\/wp-json\/wp\/v2\/pages\/7672\/revisions\/10748"}],"wp:attachment":[{"href":"https:\/\/www.hellosummer.be\/nl\/wp-json\/wp\/v2\/media?parent=7672"}],"curies":[{"name":"wp","href":"https:\/\/api.w.org\/{rel}","templated":true}]}}